{"id":124,"date":"2022-05-19T21:54:08","date_gmt":"2022-05-19T21:54:08","guid":{"rendered":"https:\/\/romanigodi.org\/index.php\/bs-front-page\/"},"modified":"2025-10-06T10:35:04","modified_gmt":"2025-10-06T10:35:04","slug":"anasayfa","status":"publish","type":"page","link":"https:\/\/romanigodi.org\/","title":{"rendered":"Ana Sayfa"},"content":{"rendered":"\t\t<div data-elementor-type=\"wp-page\" data-elementor-id=\"124\" class=\"elementor elementor-124\" data-elementor-post-type=\"page\">\n\t\t\t\t<div data-particle_enable=\"false\" data-particle-mobile-disabled=\"false\" class=\"elementor-element elementor-element-afb6181 e-con-full e-transform e-flex e-con e-parent\" data-id=\"afb6181\" data-element_type=\"container\" data-settings=\"{&quot;background_background&quot;:&quot;classic&quot;,&quot;_transform_translateX_effect&quot;:{&quot;unit&quot;:&quot;px&quot;,&quot;size&quot;:0,&quot;sizes&quot;:[]},&quot;_transform_translateY_effect&quot;:{&quot;unit&quot;:&quot;px&quot;,&quot;size&quot;:-24,&quot;sizes&quot;:[]},&quot;_transform_translateX_effect_tablet&quot;:{&quot;unit&quot;:&quot;px&quot;,&quot;size&quot;:&quot;&quot;,&quot;sizes&quot;:[]},&quot;_transform_translateX_effect_mobile&quot;:{&quot;unit&quot;:&quot;px&quot;,&quot;size&quot;:&quot;&quot;,&quot;sizes&quot;:[]},&quot;_transform_translateY_effect_tablet&quot;:{&quot;unit&quot;:&quot;px&quot;,&quot;size&quot;:&quot;&quot;,&quot;sizes&quot;:[]},&quot;_transform_translateY_effect_mobile&quot;:{&quot;unit&quot;:&quot;px&quot;,&quot;size&quot;:&quot;&quot;,&quot;sizes&quot;:[]}}\">\n\t\t<div data-particle_enable=\"false\" data-particle-mobile-disabled=\"false\" class=\"elementor-element elementor-element-c107a6a e-con-full e-flex e-con e-child\" data-id=\"c107a6a\" data-element_type=\"container\">\n\t\t\t\t<div class=\"elementor-element elementor-element-e58e126 elementor-widget elementor-widget-ucaddon_transparent_split_hero\" data-id=\"e58e126\" data-element_type=\"widget\" data-widget_type=\"ucaddon_transparent_split_hero.default\">\n\t\t\t\t<div class=\"elementor-widget-container\">\n\t\t\t\t\t<!-- start Transparent Split Hero -->\n\t\t<link id='uc_ac_assets_file_uc_photography_header_css_0-css' href='https:\/\/romanigodi.org\/wp-content\/uploads\/ac_assets\/uc_photography_header\/uc_photography_header.css' type='text\/css' rel='stylesheet' >\n\n\t\t\t<style type=\"text\/css\">\/* widget: Transparent Split Hero *\/\n\n.uc_photography_header *{\n\tmargin:0;\n\tpadding:0;\n\t-webkit-box-sizing: border-box;\n\t-moz-box-sizing: border-box;\n\tbox-sizing: border-box;\n\t\n}\n#uc_transparent_split_hero_elementor_e58e126\n{\n\tposition:relative;\n\twidth:100%;\n    background-position:center;\n    background-size:cover;\n    background-image:url(https:\/\/romanigodi.org\/wp-content\/uploads\/2025\/08\/kanli-gozyaslari-2-agustos-ve-roman-soykirimi.jpg);\n    display:flex;\n    overflow:hidden;\n    \n}\n\n#uc_transparent_split_hero_elementor_e58e126 > div\n{\n  height:100%;\n  display:flex;\n    align-items:center;\n}\n\n.uc_photography_header .uc_container_text_box{ \n  text-align:right;\n}\n.uc_photography_header .uc_subtitle\n{\n  font-size:42px;\n}\n\t\n.uc_photography_header .uc_container_text_box a{\n\tborder-style:solid;\n\tdisplay:inline-block;\n}\n\n<\/style>\n\n\t\t\t<div class=\"uc_photography_header\" id=\"uc_transparent_split_hero_elementor_e58e126\">    \t      \n  <div class=\"uc_container_text_box\">  \n  <div>\n        <img decoding=\"async\" src=\"https&#x3A;&#x2F;&#x2F;romanigodi.org&#x2F;wp-content&#x2F;uploads&#x2F;2025&#x2F;08&#x2F;kanli-gozyaslari-2-agustos-ve-roman-soykirimi-768x480.jpg\" class=\"uc_tp_hero_img\" alt=\"kanli-gozyaslari-2-agustos-ve-roman-soykirimi\" title=\"kanli-gozyaslari-2-agustos-ve-roman-soykirimi\">        <div class=\"uc_title\">2 A\u011fustos Roman Soyk\u0131r\u0131m\u0131 Anma G\u00fcn\u00fc Ata\u015fehir\u2019de Etkinliklerle An\u0131ld\u0131<\/div>        <div class=\"uc_subtitle\">2 A\u011fustos Roman Soyk\u0131r\u0131m\u0131 Anma G\u00fcn\u00fc Ata\u015fehir\u2019de Etkinliklerle An\u0131ld\u0131<\/div>        <div class=\"uc_text\">Romani Godi Derne\u011fi, \u0130stanbul Roman Haklar\u0131 Federasyonu ve Ata\u015fehir Belediyesi i\u015f birli\u011fiyle, 2 A\u011fustos Roman Soyk\u0131r\u0131m\u0131 Anma G\u00fcn\u00fc kapsam\u0131nda anlaml\u0131 bir anma program\u0131 d\u00fczenlendi. Etkinlik, 2 A\u011fustos 2025 Cumartesi g\u00fcn\u00fc Ata\u015fehir \u0130nal Ayd\u0131no\u011flu K\u00fclt\u00fcr Merkezi\u2019nde ger\u00e7ekle\u015ftirilirken<\/div>        <a class=\"uc_btn\" href=\"https:\/\/romanigodi.org\/?p=2997\" >devam\u0131<\/a>    <\/div>\n  <\/div>\n<\/div>\n\t\t\t<!-- end Transparent Split Hero -->\t\t\t\t<\/div>\n\t\t\t\t<\/div>\n\t\t\t\t<\/div>\n\t\t\t\t<\/div>\n\t\t<div data-particle_enable=\"false\" data-particle-mobile-disabled=\"false\" class=\"elementor-element elementor-element-6f30b5d e-flex e-con-boxed e-con e-parent\" data-id=\"6f30b5d\" data-element_type=\"container\">\n\t\t\t\t\t<div class=\"e-con-inner\">\n\t\t\t\t<div class=\"elementor-element elementor-element-63b7385 elementor-widget-divider--view-line_text elementor-widget-divider--element-align-left elementor-widget elementor-widget-divider\" data-id=\"63b7385\" data-element_type=\"widget\" data-widget_type=\"divider.default\">\n\t\t\t\t\t\t\t<div class=\"elementor-divider\">\n\t\t\t<span class=\"elementor-divider-separator\">\n\t\t\t\t\t\t\t<span class=\"elementor-divider__text elementor-divider__element\">\n\t\t\t\t\u00e7al\u0131\u015fmalar\u0131m\u0131z\t\t\t\t<\/span>\n\t\t\t\t\t\t<\/span>\n\t\t<\/div>\n\t\t\t\t\t\t<\/div>\n\t\t\t\t\t<\/div>\n\t\t\t\t<\/div>\n\t\t<div data-particle_enable=\"false\" data-particle-mobile-disabled=\"false\" class=\"elementor-element elementor-element-272d7b9 e-grid e-con-boxed e-con e-parent\" data-id=\"272d7b9\" data-element_type=\"container\" data-settings=\"{&quot;background_background&quot;:&quot;classic&quot;,&quot;shape_divider_top&quot;:&quot;zigzag&quot;,&quot;animation&quot;:&quot;none&quot;}\">\n\t\t\t\t\t<div class=\"e-con-inner\">\n\t\t\t\t<div class=\"elementor-shape elementor-shape-top\" aria-hidden=\"true\" data-negative=\"false\">\n\t\t\t<svg xmlns=\"http:\/\/www.w3.org\/2000\/svg\" viewBox=\"0 0 1800 5.8\" preserveAspectRatio=\"none\">\n  <path class=\"elementor-shape-fill\" d=\"M5.4.4l5.4 5.3L16.5.4l5.4 5.3L27.5.4 33 5.7 38.6.4l5.5 5.4h.1L49.9.4l5.4 5.3L60.9.4l5.5 5.3L72 .4l5.5 5.3L83.1.4l5.4 5.3L94.1.4l5.5 5.4h.2l5.6-5.4 5.5 5.3 5.6-5.3 5.4 5.3 5.6-5.3 5.5 5.3 5.6-5.3 5.5 5.4h.2l5.6-5.4 5.4 5.3L161 .4l5.4 5.3L172 .4l5.5 5.3 5.6-5.3 5.4 5.3 5.7-5.3 5.4 5.4h.2l5.6-5.4 5.5 5.3 5.6-5.3 5.5 5.3 5.6-5.3 5.4 5.3 5.6-5.3 5.5 5.4h.2l5.6-5.4 5.5 5.3L261 .4l5.4 5.3L272 .4l5.5 5.3 5.6-5.3 5.5 5.3 5.6-5.3 5.5 5.4h.1l5.7-5.4 5.4 5.3 5.6-5.3 5.5 5.3 5.6-5.3 5.4 5.3 5.7-5.3 5.4 5.4h.2l5.6-5.4 5.5 5.3L361 .4l5.5 5.3 5.6-5.3 5.4 5.3 5.6-5.3 5.5 5.3 5.6-5.3 5.5 5.4h.1l5.7-5.4 5.4 5.3 5.6-5.3 5.5 5.3 5.6-5.3 5.5 5.3 5.6-5.3 5.5 5.4h.1l5.6-5.4 5.5 5.3L461 .4l5.5 5.3 5.6-5.3 5.4 5.3 5.7-5.3 5.4 5.3 5.6-5.3 5.5 5.4h.2l5.6-5.4 5.5 5.3 5.6-5.3 5.4 5.3 5.6-5.3 5.5 5.3 5.6-5.3 5.5 5.4h.1L550 .4l5.4 5.3L561 .4l5.5 5.3 5.6-5.3 5.5 5.3 5.6-5.3 5.4 5.3 5.6-5.3 5.5 5.4h.2l5.6-5.4 5.5 5.3 5.6-5.3 5.4 5.3 5.7-5.3 5.4 5.3 5.6-5.3 5.5 5.4h.2L650 .4l5.5 5.3 5.6-5.3 5.4 5.3 5.6-5.3 5.5 5.3 5.6-5.3 5.5 5.3 5.6-5.3 5.4 5.4h.2l5.6-5.4 5.5 5.3 5.6-5.3 5.5 5.3 5.6-5.3 5.4 5.3 5.6-5.3 5.5 5.4h.2L750 .4l5.5 5.3 5.6-5.3 5.4 5.3 5.7-5.3 5.4 5.3 5.6-5.3 5.5 5.3 5.6-5.3 5.5 5.4h.1l5.7-5.4 5.4 5.3 5.6-5.3 5.5 5.3 5.6-5.3 5.5 5.3 5.6-5.3 5.4 5.4h.2L850 .4l5.5 5.3 5.6-5.3 5.5 5.3 5.6-5.3 5.4 5.3 5.6-5.3 5.5 5.3 5.6-5.3 5.5 5.4h.2l5.6-5.4 5.4 5.3 5.7-5.3 5.4 5.3 5.6-5.3 5.5 5.3 5.6-5.3 5.5 5.4h.1l5.7-5.4 5.4 5.3 5.6-5.3 5.5 5.3 5.6-5.3 5.5 5.3 5.6-5.3 5.4 5.3 5.6-5.3 5.5 5.4h.2l5.6-5.4 5.5 5.3 5.6-5.3 5.4 5.3 5.6-5.3 5.5 5.3 5.6-5.3 5.5 5.4h.2l5.6-5.4 5.4 5.3 5.7-5.3 5.4 5.3 5.6-5.3 5.5 5.3 5.6-5.3 5.5 5.3 5.6-5.3 5.4 5.4h.2l5.6-5.4 5.5 5.3 5.6-5.3 5.5 5.3 5.6-5.3 5.4 5.3 5.6-5.3 5.5 5.4h.2l5.6-5.4 5.5 5.3 5.6-5.3 5.4 5.3 5.6-5.3 5.5 5.3 5.6-5.3 5.5 5.3 5.6-5.3 5.5 5.4h.1l5.7-5.4 5.4 5.3 5.6-5.3 5.5 5.3 5.6-5.3 5.5 5.3 5.6-5.3 5.4 5.4h.2l5.6-5.4 5.5 5.3 5.6-5.3 5.5 5.3 5.6-5.3 5.4 5.3 5.6-5.3 5.5 5.3 5.6-5.3 5.5 5.4h.2l5.6-5.4 5.4 5.3 5.6-5.3 5.5 5.3 5.6-5.3 5.5 5.3 5.6-5.3 5.5 5.4h.1l5.7-5.4 5.4 5.3 5.6-5.3 5.5 5.3 5.6-5.3 5.5 5.3 5.6-5.3 5.4 5.3 5.6-5.3 5.5 5.4h.2l5.6-5.4 5.5 5.3 5.6-5.3 5.4 5.3 5.6-5.3 5.5 5.3 5.6-5.3 5.5 5.4h.2l5.6-5.4 5.4 5.3 5.6-5.3 5.5 5.3 5.6-5.3 5.5 5.3 5.6-5.3 5.4 5.3 5.7-5.3 5.4 5.4h.2l5.6-5.4 5.5 5.3 5.6-5.3 5.5 5.3 5.6-5.3 5.4 5.3 5.6-5.3 5.5 5.4h.2l5.6-5.4 5.5 5.3 5.6-5.3 5.4 5.3 5.6-5.3 5.5 5.3 5.6-5.3 5.5 5.3 5.6-5.3 5.5 5.4h.1l5.6-5.4 5.5 5.3 5.6-5.3 5.5 5.3 5.6-5.3 5.4 5.3 5.7-5.3 5.4 5.4h.2l5.6-5.4 5.5 5.3 5.6-5.3 5.5 5.3 5.6-5.3 5.4 5.3 5.6-5.3 5.5 5.3 5.6-5.3 5.5 5.4h.1l5.7-5.4 5.4 5.3 5.6-5.3 5.5 5.3 5.6-5.3 5.5 5.3 5.6-5.3 5.5 5.4h.1l5.6-5.4 5.5 5.3 5.6-5.3 5.5 5.3 5.6-5.3 5.4 5.3 5.7-5.3 5.4 5.3 5.6-5.3 5.5 5.4V0H-.2v5.8z\"\/>\n<\/svg>\n\t\t<\/div>\n\t\t<div data-particle_enable=\"false\" data-particle-mobile-disabled=\"false\" class=\"elementor-element elementor-element-fe05619 e-con-full e-flex elementor-invisible e-con e-child\" data-id=\"fe05619\" data-element_type=\"container\" data-settings=\"{&quot;background_background&quot;:&quot;classic&quot;,&quot;shape_divider_top&quot;:&quot;arrow&quot;,&quot;animation&quot;:&quot;fadeInLeft&quot;}\">\n\t\t\t\t<div class=\"elementor-shape elementor-shape-top\" aria-hidden=\"true\" data-negative=\"false\">\n\t\t\t<svg xmlns=\"http:\/\/www.w3.org\/2000\/svg\" viewBox=\"0 0 700 10\" preserveAspectRatio=\"none\">\n\t<path class=\"elementor-shape-fill\" d=\"M350,10L340,0h20L350,10z\"\/>\n<\/svg>\t\t<\/div>\n\t\t\t\t<div class=\"elementor-element elementor-element-e9d735f elementor-widget elementor-widget-image\" data-id=\"e9d735f\" data-element_type=\"widget\" data-widget_type=\"image.default\">\n\t\t\t\t\t\t\t\t\t\t\t\t\t\t\t\t<a href=\"https:\/\/romanigodi.org\/?cat=21\">\n\t\t\t\t\t\t\t<img fetchpriority=\"high\" decoding=\"async\" width=\"800\" height=\"1000\" src=\"https:\/\/romanigodi.org\/wp-content\/uploads\/2025\/09\/ayr-819x1024.jpeg\" class=\"attachment-large size-large wp-image-3320\" alt=\"\" srcset=\"https:\/\/romanigodi.org\/wp-content\/uploads\/2025\/09\/ayr-819x1024.jpeg 819w, https:\/\/romanigodi.org\/wp-content\/uploads\/2025\/09\/ayr-240x300.jpeg 240w, https:\/\/romanigodi.org\/wp-content\/uploads\/2025\/09\/ayr-768x960.jpeg 768w, https:\/\/romanigodi.org\/wp-content\/uploads\/2025\/09\/ayr.jpeg 1080w\" sizes=\"(max-width: 800px) 100vw, 800px\" \/>\t\t\t\t\t\t\t\t<\/a>\n\t\t\t\t\t\t\t\t\t\t\t\t\t\t\t<\/div>\n\t\t\t\t<\/div>\n\t\t<div data-particle_enable=\"false\" data-particle-mobile-disabled=\"false\" class=\"elementor-element elementor-element-0e9de41 e-con-full e-flex elementor-invisible e-con e-child\" data-id=\"0e9de41\" data-element_type=\"container\" data-settings=\"{&quot;background_background&quot;:&quot;classic&quot;,&quot;animation&quot;:&quot;fadeInLeft&quot;}\">\n\t\t\t\t<div class=\"elementor-element elementor-element-808304b elementor-widget elementor-widget-image\" data-id=\"808304b\" data-element_type=\"widget\" data-widget_type=\"image.default\">\n\t\t\t\t\t\t\t\t\t\t\t\t\t\t\t\t<a href=\"https:\/\/romanigodi.org\/?cat=36\">\n\t\t\t\t\t\t\t<img decoding=\"async\" width=\"800\" height=\"1000\" src=\"https:\/\/romanigodi.org\/wp-content\/uploads\/2025\/09\/temelh-819x1024.jpeg\" class=\"attachment-large size-large wp-image-3321\" alt=\"\" srcset=\"https:\/\/romanigodi.org\/wp-content\/uploads\/2025\/09\/temelh-819x1024.jpeg 819w, https:\/\/romanigodi.org\/wp-content\/uploads\/2025\/09\/temelh-240x300.jpeg 240w, https:\/\/romanigodi.org\/wp-content\/uploads\/2025\/09\/temelh-768x960.jpeg 768w, https:\/\/romanigodi.org\/wp-content\/uploads\/2025\/09\/temelh.jpeg 1080w\" sizes=\"(max-width: 800px) 100vw, 800px\" \/>\t\t\t\t\t\t\t\t<\/a>\n\t\t\t\t\t\t\t\t\t\t\t\t\t\t\t<\/div>\n\t\t\t\t<\/div>\n\t\t<div data-particle_enable=\"false\" data-particle-mobile-disabled=\"false\" class=\"elementor-element elementor-element-b626f8a e-con-full e-flex elementor-invisible e-con e-child\" data-id=\"b626f8a\" data-element_type=\"container\" data-settings=\"{&quot;background_background&quot;:&quot;classic&quot;,&quot;animation&quot;:&quot;fadeInUp&quot;}\">\n\t\t\t\t<div class=\"elementor-element elementor-element-f2eb33b elementor-widget elementor-widget-image\" data-id=\"f2eb33b\" data-element_type=\"widget\" data-widget_type=\"image.default\">\n\t\t\t\t\t\t\t\t\t\t\t\t\t\t\t\t<a href=\"https:\/\/romanigodi.org\/?cat=2\">\n\t\t\t\t\t\t\t<img decoding=\"async\" width=\"800\" height=\"1000\" src=\"https:\/\/romanigodi.org\/wp-content\/uploads\/2025\/09\/ae-819x1024.jpeg\" class=\"attachment-large size-large wp-image-3322\" alt=\"\" srcset=\"https:\/\/romanigodi.org\/wp-content\/uploads\/2025\/09\/ae-819x1024.jpeg 819w, https:\/\/romanigodi.org\/wp-content\/uploads\/2025\/09\/ae-240x300.jpeg 240w, https:\/\/romanigodi.org\/wp-content\/uploads\/2025\/09\/ae-768x960.jpeg 768w, https:\/\/romanigodi.org\/wp-content\/uploads\/2025\/09\/ae.jpeg 1080w\" sizes=\"(max-width: 800px) 100vw, 800px\" \/>\t\t\t\t\t\t\t\t<\/a>\n\t\t\t\t\t\t\t\t\t\t\t\t\t\t\t<\/div>\n\t\t\t\t<\/div>\n\t\t<div data-particle_enable=\"false\" data-particle-mobile-disabled=\"false\" class=\"elementor-element elementor-element-5427468 e-con-full e-flex elementor-invisible e-con e-child\" data-id=\"5427468\" data-element_type=\"container\" data-settings=\"{&quot;background_background&quot;:&quot;classic&quot;,&quot;animation&quot;:&quot;fadeInUp&quot;}\">\n\t\t\t\t<div class=\"elementor-element elementor-element-9470dbf elementor-widget elementor-widget-image\" data-id=\"9470dbf\" data-element_type=\"widget\" data-widget_type=\"image.default\">\n\t\t\t\t\t\t\t\t\t\t\t\t\t\t\t\t<a href=\"https:\/\/romanigodi.org\/?cat=42\">\n\t\t\t\t\t\t\t<img loading=\"lazy\" decoding=\"async\" width=\"800\" height=\"1000\" src=\"https:\/\/romanigodi.org\/wp-content\/uploads\/2025\/09\/yk-819x1024.jpeg\" class=\"attachment-large size-large wp-image-3323\" alt=\"\" srcset=\"https:\/\/romanigodi.org\/wp-content\/uploads\/2025\/09\/yk-819x1024.jpeg 819w, https:\/\/romanigodi.org\/wp-content\/uploads\/2025\/09\/yk-240x300.jpeg 240w, https:\/\/romanigodi.org\/wp-content\/uploads\/2025\/09\/yk-768x960.jpeg 768w, https:\/\/romanigodi.org\/wp-content\/uploads\/2025\/09\/yk.jpeg 1080w\" sizes=\"(max-width: 800px) 100vw, 800px\" \/>\t\t\t\t\t\t\t\t<\/a>\n\t\t\t\t\t\t\t\t\t\t\t\t\t\t\t<\/div>\n\t\t\t\t<\/div>\n\t\t<div data-particle_enable=\"false\" data-particle-mobile-disabled=\"false\" class=\"elementor-element elementor-element-6192b31 e-con-full e-flex elementor-invisible e-con e-child\" data-id=\"6192b31\" data-element_type=\"container\" data-settings=\"{&quot;background_background&quot;:&quot;classic&quot;,&quot;animation&quot;:&quot;fadeInRight&quot;}\">\n\t\t\t\t<div class=\"elementor-element elementor-element-df8b5b2 elementor-widget elementor-widget-image\" data-id=\"df8b5b2\" data-element_type=\"widget\" data-widget_type=\"image.default\">\n\t\t\t\t\t\t\t\t\t\t\t\t\t\t\t\t<a href=\"https:\/\/romanigodi.org\/?cat=37\">\n\t\t\t\t\t\t\t<img loading=\"lazy\" decoding=\"async\" width=\"800\" height=\"1000\" src=\"https:\/\/romanigodi.org\/wp-content\/uploads\/2025\/09\/th-819x1024.jpeg\" class=\"attachment-large size-large wp-image-3324\" alt=\"\" srcset=\"https:\/\/romanigodi.org\/wp-content\/uploads\/2025\/09\/th-819x1024.jpeg 819w, https:\/\/romanigodi.org\/wp-content\/uploads\/2025\/09\/th-240x300.jpeg 240w, https:\/\/romanigodi.org\/wp-content\/uploads\/2025\/09\/th-768x960.jpeg 768w, https:\/\/romanigodi.org\/wp-content\/uploads\/2025\/09\/th.jpeg 1080w\" sizes=\"(max-width: 800px) 100vw, 800px\" \/>\t\t\t\t\t\t\t\t<\/a>\n\t\t\t\t\t\t\t\t\t\t\t\t\t\t\t<\/div>\n\t\t\t\t<\/div>\n\t\t<div data-particle_enable=\"false\" data-particle-mobile-disabled=\"false\" class=\"elementor-element elementor-element-96881ca e-con-full e-flex elementor-invisible e-con e-child\" data-id=\"96881ca\" data-element_type=\"container\" data-settings=\"{&quot;background_background&quot;:&quot;classic&quot;,&quot;animation&quot;:&quot;fadeInRight&quot;}\">\n\t\t\t\t<div class=\"elementor-element elementor-element-48c013a elementor-widget elementor-widget-image\" data-id=\"48c013a\" data-element_type=\"widget\" data-widget_type=\"image.default\">\n\t\t\t\t\t\t\t\t\t\t\t\t\t\t\t\t<a href=\"https:\/\/romanigodi.org\/?cat=14\">\n\t\t\t\t\t\t\t<img loading=\"lazy\" decoding=\"async\" width=\"800\" height=\"1000\" src=\"https:\/\/romanigodi.org\/wp-content\/uploads\/2025\/09\/gg-819x1024.jpeg\" class=\"attachment-large size-large wp-image-3325\" alt=\"\" srcset=\"https:\/\/romanigodi.org\/wp-content\/uploads\/2025\/09\/gg-819x1024.jpeg 819w, https:\/\/romanigodi.org\/wp-content\/uploads\/2025\/09\/gg-240x300.jpeg 240w, https:\/\/romanigodi.org\/wp-content\/uploads\/2025\/09\/gg-768x960.jpeg 768w, https:\/\/romanigodi.org\/wp-content\/uploads\/2025\/09\/gg.jpeg 1080w\" sizes=\"(max-width: 800px) 100vw, 800px\" \/>\t\t\t\t\t\t\t\t<\/a>\n\t\t\t\t\t\t\t\t\t\t\t\t\t\t\t<\/div>\n\t\t\t\t<\/div>\n\t\t\t\t\t<\/div>\n\t\t\t\t<\/div>\n\t\t<div data-particle_enable=\"false\" data-particle-mobile-disabled=\"false\" class=\"elementor-element elementor-element-7e6c6b4 e-flex e-con-boxed e-con e-parent\" data-id=\"7e6c6b4\" data-element_type=\"container\">\n\t\t\t\t\t<div class=\"e-con-inner\">\n\t\t\t\t<div class=\"elementor-element elementor-element-fc5909b elementor-widget-divider--view-line_text elementor-widget-divider--element-align-left elementor-widget elementor-widget-divider\" data-id=\"fc5909b\" data-element_type=\"widget\" data-widget_type=\"divider.default\">\n\t\t\t\t\t\t\t<div class=\"elementor-divider\">\n\t\t\t<span class=\"elementor-divider-separator\">\n\t\t\t\t\t\t\t<span class=\"elementor-divider__text elementor-divider__element\">\n\t\t\t\tyay\u0131nlar\u0131m\u0131z\t\t\t\t<\/span>\n\t\t\t\t\t\t<\/span>\n\t\t<\/div>\n\t\t\t\t\t\t<\/div>\n\t\t\t\t\t<\/div>\n\t\t\t\t<\/div>\n\t\t<div data-particle_enable=\"false\" data-particle-mobile-disabled=\"false\" class=\"elementor-element elementor-element-aab8119 e-flex e-con-boxed e-con e-parent\" data-id=\"aab8119\" data-element_type=\"container\" data-settings=\"{&quot;background_background&quot;:&quot;classic&quot;}\">\n\t\t\t\t\t<div class=\"e-con-inner\">\n\t\t<div data-particle_enable=\"false\" data-particle-mobile-disabled=\"false\" class=\"elementor-element elementor-element-8dc0a9e e-con-full e-flex e-con e-child\" data-id=\"8dc0a9e\" data-element_type=\"container\">\n\t\t<div data-particle_enable=\"false\" data-particle-mobile-disabled=\"false\" class=\"elementor-element elementor-element-923ca31 e-con-full e-flex e-con e-child\" data-id=\"923ca31\" data-element_type=\"container\" data-settings=\"{&quot;background_background&quot;:&quot;classic&quot;}\">\n\t\t\t\t<div class=\"elementor-element elementor-element-cbc57e5 elementor-widget elementor-widget-image\" data-id=\"cbc57e5\" data-element_type=\"widget\" data-widget_type=\"image.default\">\n\t\t\t\t\t\t\t\t\t\t\t\t\t\t\t<img loading=\"lazy\" decoding=\"async\" width=\"800\" height=\"1000\" src=\"https:\/\/romanigodi.org\/wp-content\/uploads\/2025\/09\/ee-819x1024.jpeg\" class=\"attachment-large size-large wp-image-3329\" alt=\"\" srcset=\"https:\/\/romanigodi.org\/wp-content\/uploads\/2025\/09\/ee-819x1024.jpeg 819w, https:\/\/romanigodi.org\/wp-content\/uploads\/2025\/09\/ee-240x300.jpeg 240w, https:\/\/romanigodi.org\/wp-content\/uploads\/2025\/09\/ee-768x960.jpeg 768w, https:\/\/romanigodi.org\/wp-content\/uploads\/2025\/09\/ee.jpeg 1080w\" sizes=\"(max-width: 800px) 100vw, 800px\" \/>\t\t\t\t\t\t\t\t\t\t\t\t\t\t\t<\/div>\n\t\t\t\t<\/div>\n\t\t\t\t<\/div>\n\t\t<div data-particle_enable=\"false\" data-particle-mobile-disabled=\"false\" class=\"elementor-element elementor-element-dbc0893 e-con-full e-grid e-con e-child\" data-id=\"dbc0893\" data-element_type=\"container\" data-settings=\"{&quot;background_background&quot;:&quot;classic&quot;}\">\n\t\t<div data-particle_enable=\"false\" data-particle-mobile-disabled=\"false\" class=\"elementor-element elementor-element-485b449 e-con-full e-grid e-con e-child\" data-id=\"485b449\" data-element_type=\"container\">\n\t\t<div data-particle_enable=\"false\" data-particle-mobile-disabled=\"false\" class=\"elementor-element elementor-element-ab21e9a e-con-full e-flex e-con e-child\" data-id=\"ab21e9a\" data-element_type=\"container\">\n\t\t\t\t<div class=\"elementor-element elementor-element-7de2c7b elementor-grid-1 elementor-grid-tablet-2 elementor-grid-mobile-1 elementor-posts--thumbnail-top elementor-posts--show-avatar elementor-card-shadow-yes elementor-posts__hover-gradient elementor-widget elementor-widget-posts\" data-id=\"7de2c7b\" data-element_type=\"widget\" data-settings=\"{&quot;cards_columns&quot;:&quot;1&quot;,&quot;cards_columns_tablet&quot;:&quot;2&quot;,&quot;cards_columns_mobile&quot;:&quot;1&quot;,&quot;cards_row_gap&quot;:{&quot;unit&quot;:&quot;px&quot;,&quot;size&quot;:35,&quot;sizes&quot;:[]},&quot;cards_row_gap_tablet&quot;:{&quot;unit&quot;:&quot;px&quot;,&quot;size&quot;:&quot;&quot;,&quot;sizes&quot;:[]},&quot;cards_row_gap_mobile&quot;:{&quot;unit&quot;:&quot;px&quot;,&quot;size&quot;:&quot;&quot;,&quot;sizes&quot;:[]}}\" data-widget_type=\"posts.cards\">\n\t\t\t\t<div class=\"elementor-widget-container\">\n\t\t\t\t\t\t\t<div class=\"elementor-posts-container elementor-posts elementor-posts--skin-cards elementor-grid\" role=\"list\">\n\t\t\t\t<article class=\"elementor-post elementor-grid-item post-2461 post type-post status-publish format-standard has-post-thumbnail hentry category-bultenler category-raporlar-bultenler\" role=\"listitem\">\n\t\t\t<div class=\"elementor-post__card\">\n\t\t\t\t<div class=\"elementor-post__text\">\n\t\t\t\t<h3 class=\"elementor-post__title\">\n\t\t\t<a href=\"https:\/\/romanigodi.org\/?p=2461\" >\n\t\t\t\tT\u00fcrkiye&#8217;de Romanlara Y\u00f6nelik Nefret S\u00f6ylemi ile M\u00fccadele Mart -Nisan Ay\u0131 B\u00fclteni\t\t\t<\/a>\n\t\t<\/h3>\n\t\t\n\t\t<a class=\"elementor-post__read-more\" href=\"https:\/\/romanigodi.org\/?p=2461\" aria-label=\"Read more about T\u00fcrkiye&#8217;de Romanlara Y\u00f6nelik Nefret S\u00f6ylemi ile M\u00fccadele Mart -Nisan Ay\u0131 B\u00fclteni\" tabindex=\"-1\" >\n\t\t\tDevam\u0131 \u00bb\t\t<\/a>\n\n\t\t\t\t<\/div>\n\t\t\t\t<div class=\"elementor-post__meta-data\">\n\t\t\t\t\t<span class=\"elementor-post-date\">\n\t\t\tMay\u0131s 29, 2024\t\t<\/span>\n\t\t\t\t<\/div>\n\t\t\t\t\t<\/div>\n\t\t<\/article>\n\t\t\t\t<\/div>\n\t\t\n\t\t\t\t\t\t<\/div>\n\t\t\t\t<\/div>\n\t\t\t\t<\/div>\n\t\t\t\t<\/div>\n\t\t\t\t<\/div>\n\t\t\t\t\t<\/div>\n\t\t\t\t<\/div>\n\t\t\t\t<\/div>\n\t\t","protected":false},"excerpt":{"rendered":"<p>Two weeks ago, Steven Mnuchin, the Treasury secretary, declared that the trade war with China was \u201con hold\u201d and that the United States would temporarily holster its tariffs. The reassuring comments calmed markets and raised hopes &#8230;<\/p>\n","protected":false},"author":1,"featured_media":0,"parent":0,"menu_order":0,"comment_status":"closed","ping_status":"closed","template":"elementor_header_footer","meta":{"footnotes":""},"class_list":["post-124","page","type-page","status-publish","hentry"],"_links":{"self":[{"href":"https:\/\/romanigodi.org\/index.php?rest_route=\/wp\/v2\/pages\/124","targetHints":{"allow":["GET"]}}],"collection":[{"href":"https:\/\/romanigodi.org\/index.php?rest_route=\/wp\/v2\/pages"}],"about":[{"href":"https:\/\/romanigodi.org\/index.php?rest_route=\/wp\/v2\/types\/page"}],"author":[{"embeddable":true,"href":"https:\/\/romanigodi.org\/index.php?rest_route=\/wp\/v2\/users\/1"}],"replies":[{"embeddable":true,"href":"https:\/\/romanigodi.org\/index.php?rest_route=%2Fwp%2Fv2%2Fcomments&post=124"}],"version-history":[{"count":213,"href":"https:\/\/romanigodi.org\/index.php?rest_route=\/wp\/v2\/pages\/124\/revisions"}],"predecessor-version":[{"id":3380,"href":"https:\/\/romanigodi.org\/index.php?rest_route=\/wp\/v2\/pages\/124\/revisions\/3380"}],"wp:attachment":[{"href":"https:\/\/romanigodi.org\/index.php?rest_route=%2Fwp%2Fv2%2Fmedia&parent=124"}],"curies":[{"name":"wp","href":"https:\/\/api.w.org\/{rel}","templated":true}]}}