{"id":343,"date":"2022-05-27T14:09:11","date_gmt":"2022-05-27T14:09:11","guid":{"rendered":"https:\/\/romanigodi.org\/?page_id=343"},"modified":"2022-05-27T14:09:11","modified_gmt":"2022-05-27T14:09:11","slug":"lom","status":"publish","type":"page","link":"https:\/\/romanigodi.org\/?page_id=343","title":{"rendered":"Lom"},"content":{"rendered":"<p style=\"text-align: center;\"><strong>LOMLAR\u00a0<\/strong><\/p>\n<p>&nbsp;<\/p>\n<p><img fetchpriority=\"high\" decoding=\"async\" class=\"size-medium wp-image-1079 aligncenter\" src=\"https:\/\/romanigodi.org\/wp-content\/uploads\/2022\/09\/Bosha-243x300.jpg\" alt=\"\" width=\"243\" height=\"300\" \/><\/p>\n<p>&nbsp;<\/p>\n<p><b>Lomlar<\/b>\u00a0veya\u00a0<b>Po\u015falar<\/b>\u00a0(Ermenice:\u00a0<span class=\"lang-hy\" dir=\"ltr\" lang=\"hy\">\u0532\u0578\u0577\u0561<\/span>\u00a0<i>Po\u015fa\/Bo\u015fa<\/i>,\u00a0G\u00fcrc\u00fcce:\u00a0<span class=\"lang-ka\" dir=\"ltr\" lang=\"ka\">\u10d1\u10dd\u10e8\u10d0<\/span>\u00a0<i>Bo\u015fa<\/i>,\u00a0Rus\u00e7a:\u00a0<span class=\"lang-ru\" dir=\"ltr\" lang=\"ru\">\u0411\u043e\u0448\u0430<\/span>\u00a0<i>Bo\u0161a<\/i>),\u00a0Ermenistan,\u00a0G\u00fcrcistan,\u00a0T\u00fcrkiye\u00a0ve az da olsa\u00a0Azerbaycan&#8217;da belli b\u00f6lgelere da\u011f\u0131lm\u0131\u015f olan\u00a0Hint-Aryan dillerinde\u00a0ve i\u00e7inde yo\u011fun\u00a0Ermenice\u00a0kelimelerin de bulundu\u011fu Lomca (Lomavren) konu\u015fan\u00a011. y\u00fczy\u0131lda\u00a0Hindistan&#8217;dan ayr\u0131lm\u0131\u015f ve bat\u0131ya do\u011fru g\u00f6\u00e7 etmi\u015f g\u00fcn\u00fcm\u00fczde\u00a0Domlar, Dombalar ve\u00a0Rom\u00a0gibi gruplarla beraber \u00e7a\u011fda\u015f\u00a0Rom\u00a0halklar\u0131n\u0131n etnolojik yap\u0131s\u0131n\u0131 olu\u015fturan bir halk.<\/p>\n<p>Lomlar genelde t\u00fcm Roman halklar\u0131 gibi bulunduklar\u0131 co\u011frafya ve \u00fclkelerin dillerini konu\u015furlar. G\u00fcn\u00fcm\u00fczde Ermenistan&#8217;da Lomca yani Lomavren dili belli bir d\u00fczeyde varl\u0131\u011f\u0131n\u0131 korumu\u0219 olmas\u0131na kar\u015f\u0131n,\u00a0T\u00fcrkiye&#8217;de ya\u015fayan Po\u015falar sadece Lomca kelime haznesi ile\u00a0T\u00fcrk\u00e7e\u00a0konu\u015furlar. G\u00fcrcistan&#8217;da\u00a0Tiflis,\u00a0Kutaisi,\u00a0Ah\u0131lkelek\u00a0ve\u00a0Ah\u0131ska\u00a0\u015fehirlerinde, Ermenistan&#8217;da\u00a0Erivan&#8217;\u0131n il\u00e7eleri olan (Kanaker-Zeytun,\u00a0Nork-Mara\u015f) ve\u00a0G\u00fcmr\u00fc\u00a0\u015fehirlerinde yo\u011fun olarak ya\u015farlar. T\u00fcrkiye&#8217;de ise\u00a0Artvin,\u00a0Erzurum,\u00a0Sivas,\u00a0Ardahan,\u00a0Erzincan\u00a0gibi Kuzey Do\u011fu Anadolu illeri Lom n\u00fcfusun a\u011f\u0131rl\u0131kl\u0131 olarak ya\u015fad\u0131klar\u0131 \u015fehirlerin ba\u015f\u0131nda gelir.<\/p>\n<p>Anadolu&#8217;da kendini Po\u015fa olarak adland\u0131ran grup g\u00f6\u00e7 hareketlerinde Bat\u0131&#8217;ya gitmemi\u015f Anadolu&#8217;da kalm\u0131\u015ft\u0131r. \u00c7o\u011funlukla Bat\u0131 Ermenicesinin yerel varyant\u0131n\u0131 konu\u015ftuklar\u0131 g\u00f6r\u00fcl\u00fcr. Lomavren diline ait birka\u00e7 s\u00f6zc\u00fck vard\u0131r.<\/p>\n","protected":false},"excerpt":{"rendered":"<p>LOMLAR\u00a0 &nbsp; &nbsp; Lomlar\u00a0veya\u00a0Po\u015falar\u00a0(Ermenice:\u00a0\u0532\u0578\u0577\u0561\u00a0Po\u015fa\/Bo\u015fa,\u00a0G\u00fcrc\u00fcce:\u00a0\u10d1\u10dd\u10e8\u10d0\u00a0Bo\u015fa,\u00a0Rus\u00e7a:\u00a0\u0411\u043e\u0448\u0430\u00a0Bo\u0161a),\u00a0Ermenistan,\u00a0G\u00fcrcistan,\u00a0T\u00fcrkiye\u00a0ve az da olsa\u00a0Azerbaycan&#8217;da belli b\u00f6lgelere da\u011f\u0131lm\u0131\u015f olan\u00a0Hint-Aryan dillerinde\u00a0ve i\u00e7inde yo\u011fun\u00a0Ermenice\u00a0kelimelerin de bulundu\u011fu Lomca (Lomavren) konu\u015fan\u00a011. y\u00fczy\u0131lda\u00a0Hindistan&#8217;dan ayr\u0131lm\u0131\u015f ve bat\u0131ya do\u011fru g\u00f6\u00e7 etmi\u015f g\u00fcn\u00fcm\u00fczde\u00a0Domlar, Dombalar ve\u00a0Rom\u00a0gibi gruplarla beraber \u00e7a\u011fda\u015f\u00a0Rom\u00a0halklar\u0131n\u0131n etnolojik yap\u0131s\u0131n\u0131 olu\u015fturan bir halk. Lomlar genelde t\u00fcm Roman halklar\u0131 gibi bulunduklar\u0131 co\u011frafya ve \u00fclkelerin dillerini konu\u015furlar. G\u00fcn\u00fcm\u00fczde Ermenistan&#8217;da Lomca yani Lomavren dili [&hellip;]<\/p>\n","protected":false},"author":1,"featured_media":0,"parent":0,"menu_order":0,"comment_status":"closed","ping_status":"closed","template":"","meta":{"footnotes":""},"class_list":["post-343","page","type-page","status-publish","hentry"],"_links":{"self":[{"href":"https:\/\/romanigodi.org\/index.php?rest_route=\/wp\/v2\/pages\/343","targetHints":{"allow":["GET"]}}],"collection":[{"href":"https:\/\/romanigodi.org\/index.php?rest_route=\/wp\/v2\/pages"}],"about":[{"href":"https:\/\/romanigodi.org\/index.php?rest_route=\/wp\/v2\/types\/page"}],"author":[{"embeddable":true,"href":"https:\/\/romanigodi.org\/index.php?rest_route=\/wp\/v2\/users\/1"}],"replies":[{"embeddable":true,"href":"https:\/\/romanigodi.org\/index.php?rest_route=%2Fwp%2Fv2%2Fcomments&post=343"}],"version-history":[{"count":0,"href":"https:\/\/romanigodi.org\/index.php?rest_route=\/wp\/v2\/pages\/343\/revisions"}],"wp:attachment":[{"href":"https:\/\/romanigodi.org\/index.php?rest_route=%2Fwp%2Fv2%2Fmedia&parent=343"}],"curies":[{"name":"wp","href":"https:\/\/api.w.org\/{rel}","templated":true}]}}